{"id":119,"date":"2020-09-09T09:53:41","date_gmt":"2020-09-09T09:53:41","guid":{"rendered":"https:\/\/live-dortmund.de\/?page_id=119"},"modified":"2020-09-11T11:28:00","modified_gmt":"2020-09-11T11:28:00","slug":"anfahrt","status":"publish","type":"page","link":"https:\/\/live-dortmund.de\/index.php\/anfahrt\/","title":{"rendered":"Anfahrt"},"content":{"rendered":"<h1 class=\"wp-block-heading\">ANFAHRT &amp; PARKPL\u00c4TZE<\/h1><p>Die Warsteiner Music Hall verf\u00fcgt \u00fcber 2 Parkpl\u00e4tze mit direkter fu\u00dfl\u00e4ufiger Erreichbarkeit zur Halle.<br>Die Anzahl der Stellpl\u00e4tze ist ausreichend f\u00fcr die angesetzten Veranstaltungen.<br>Im Interesse unserer Nachbarn und Anwohner m\u00f6chten wir darum bitten keine Parkpl\u00e4tze im anliegenden Wohnviertel zu suchen und zu besetzen.<\/p><p>Auf dem Gel\u00e4nde der Parkpl\u00e4tze gelten beim Verlassen des Fahrzeugs auch die Abstandsregel mit 1,5m und die Maskenpflicht. Diese sind ebenfalls einzuhalten bei<br>der Einlasssituation auf dem Phoenixplatz vor der Halle.<\/p><p>Beim Verlassen der Halle und auf den Parkpl\u00e4tzen gilt auch nach der Veranstaltung die Maskenpflicht und die Abstandsregel mit 1,5m.<\/p><p>Die Parkgeb\u00fchr betr\u00e4gt 3,00 Euro f\u00fcr einen Stellplatz auf den bewachten Parkpl\u00e4tzen der Warsteiner Music Hall.<\/p><div class=\"wp-block-image\"><figure class=\"aligncenter size-large\"><img loading=\"lazy\" decoding=\"async\" width=\"951\" height=\"797\" src=\"https:\/\/live-dortmund.de\/wp-content\/uploads\/2020\/09\/anfahrt.jpg\" alt=\"\" class=\"wp-image-253\" srcset=\"https:\/\/live-dortmund.de\/wp-content\/uploads\/2020\/09\/anfahrt.jpg 951w, https:\/\/live-dortmund.de\/wp-content\/uploads\/2020\/09\/anfahrt-300x251.jpg 300w, https:\/\/live-dortmund.de\/wp-content\/uploads\/2020\/09\/anfahrt-768x644.jpg 768w, https:\/\/live-dortmund.de\/wp-content\/uploads\/2020\/09\/anfahrt-600x503.jpg 600w\" sizes=\"auto, (max-width: 951px) 100vw, 951px\" \/><\/figure><\/div>","protected":false},"excerpt":{"rendered":"<p>ANFAHRT &amp; PARKPL\u00c4TZE Die Warsteiner Music Hall verf\u00fcgt \u00fcber 2 Parkpl\u00e4tze mit direkter fu\u00dfl\u00e4ufiger Erreichbarkeit zur Halle.Die Anzahl der Stellpl\u00e4tze ist ausreichend f\u00fcr die angesetzten Veranstaltungen.Im Interesse unserer Nachbarn und Anwohner m\u00f6chten wir darum bitten keine Parkpl\u00e4tze im anliegenden Wohnviertel zu suchen und zu besetzen. <span class=\"read-more\"><a class=\"more-link btn btn-transparent\" href=\"https:\/\/live-dortmund.de\/index.php\/anfahrt\/\">Read More &#8230;<\/a><\/span><\/p>\n","protected":false},"author":1,"featured_media":0,"parent":0,"menu_order":0,"comment_status":"closed","ping_status":"closed","template":"","meta":{"footnotes":""},"class_list":["post-119","page","type-page","status-publish","hentry"],"publishpress_future_action":{"enabled":false,"date":"2026-05-06 23:28:15","action":"change-status","newStatus":"draft","terms":[],"taxonomy":""},"_links":{"self":[{"href":"https:\/\/live-dortmund.de\/index.php\/wp-json\/wp\/v2\/pages\/119","targetHints":{"allow":["GET"]}}],"collection":[{"href":"https:\/\/live-dortmund.de\/index.php\/wp-json\/wp\/v2\/pages"}],"about":[{"href":"https:\/\/live-dortmund.de\/index.php\/wp-json\/wp\/v2\/types\/page"}],"author":[{"embeddable":true,"href":"https:\/\/live-dortmund.de\/index.php\/wp-json\/wp\/v2\/users\/1"}],"replies":[{"embeddable":true,"href":"https:\/\/live-dortmund.de\/index.php\/wp-json\/wp\/v2\/comments?post=119"}],"version-history":[{"count":3,"href":"https:\/\/live-dortmund.de\/index.php\/wp-json\/wp\/v2\/pages\/119\/revisions"}],"predecessor-version":[{"id":255,"href":"https:\/\/live-dortmund.de\/index.php\/wp-json\/wp\/v2\/pages\/119\/revisions\/255"}],"wp:attachment":[{"href":"https:\/\/live-dortmund.de\/index.php\/wp-json\/wp\/v2\/media?parent=119"}],"curies":[{"name":"wp","href":"https:\/\/api.w.org\/{rel}","templated":true}]}}