{"id":31,"date":"2020-08-20T11:47:56","date_gmt":"2020-08-20T11:47:56","guid":{"rendered":"https:\/\/live-dortmund.de\/index.php\/widerrufsbelehrung\/"},"modified":"2020-09-11T12:04:15","modified_gmt":"2020-09-11T12:04:15","slug":"widerrufsbelehrung","status":"publish","type":"page","link":"https:\/\/live-dortmund.de\/index.php\/widerrufsbelehrung\/","title":{"rendered":"Widerrufsbelehrung"},"content":{"rendered":"<h1 class=\"wp-block-heading\">WIDERRUFSBELEHRUNG<\/h1><h3 class=\"wp-block-heading\"><strong>1. Ausschluss (Nichtbestehen) des Widerrufsrechts<\/strong><\/h3><p>Nach \u00a7 312g Abs. 2 Nr. 9 BGB ist bei Fernabsatzvertr\u00e4gen \u00fcber Dienstleistungen im Zusammenhang mit Freizeitbet\u00e4tigungen, die einen spezifischen Termin oder Zeitraum f\u00fcr die Leistungserbringung vorsehen, ein Widerrufsrecht ausgeschlossen. Dem Kunden steht daher kein Widerrufsrecht f\u00fcr die Bestellung der von der Kreativ Werk Ruhr im Namen der Veranstalter angebotenen Dienstleistungen im Zusammenhang mit Freizeitbet\u00e4tigungen, insbesondere Bestellungen von Tickets f\u00fcr Veranstaltungen, zu. Jede Bestellung von Tickets ist damit unmittelbar nach Best\u00e4tigung durch die Kreativ Werk Ruhr namens des Veranstalters bindend und verpflichtet den Kunden zur Abnahme und unverz\u00fcglichen Bezahlung der bestellten Tickets. Die Kreativ Werk Ruhr hat das Recht, bis zum Vortag der Veranstaltung nicht bezahlte Tickets in den Vorverkauf zur\u00fcckzugeben. In diesem Fall beh\u00e4lt die Kreativ Werk Ruhr weiterhin den Anspruch auf Zahlung der vertraglich geschuldeten Vorverkaufs-, System-, Bearbeitungs- und Versandgeb\u00fchren. Weitergehende Schadenersatzanspr\u00fcche von der Kreativ Werk Ruhr sowie des jeweiligen Veranstalters aus dessen Vertragsverh\u00e4ltnis bleiben ggf. daneben bestehen.<\/p>","protected":false},"excerpt":{"rendered":"<p>WIDERRUFSBELEHRUNG 1. Ausschluss (Nichtbestehen) des Widerrufsrechts Nach \u00a7 312g Abs. 2 Nr. 9 BGB ist bei Fernabsatzvertr\u00e4gen \u00fcber Dienstleistungen im Zusammenhang mit Freizeitbet\u00e4tigungen, die einen spezifischen Termin oder Zeitraum f\u00fcr die Leistungserbringung vorsehen, ein Widerrufsrecht ausgeschlossen. Dem Kunden steht daher kein Widerrufsrecht f\u00fcr die Bestellung <span class=\"read-more\"><a class=\"more-link btn btn-transparent\" href=\"https:\/\/live-dortmund.de\/index.php\/widerrufsbelehrung\/\">Read More &#8230;<\/a><\/span><\/p>\n","protected":false},"author":1,"featured_media":0,"parent":0,"menu_order":0,"comment_status":"closed","ping_status":"closed","template":"","meta":{"footnotes":""},"class_list":["post-31","page","type-page","status-publish","hentry"],"publishpress_future_action":{"enabled":false,"date":"2026-05-08 02:27:36","action":"change-status","newStatus":"draft","terms":[],"taxonomy":""},"_links":{"self":[{"href":"https:\/\/live-dortmund.de\/index.php\/wp-json\/wp\/v2\/pages\/31","targetHints":{"allow":["GET"]}}],"collection":[{"href":"https:\/\/live-dortmund.de\/index.php\/wp-json\/wp\/v2\/pages"}],"about":[{"href":"https:\/\/live-dortmund.de\/index.php\/wp-json\/wp\/v2\/types\/page"}],"author":[{"embeddable":true,"href":"https:\/\/live-dortmund.de\/index.php\/wp-json\/wp\/v2\/users\/1"}],"replies":[{"embeddable":true,"href":"https:\/\/live-dortmund.de\/index.php\/wp-json\/wp\/v2\/comments?post=31"}],"version-history":[{"count":1,"href":"https:\/\/live-dortmund.de\/index.php\/wp-json\/wp\/v2\/pages\/31\/revisions"}],"predecessor-version":[{"id":274,"href":"https:\/\/live-dortmund.de\/index.php\/wp-json\/wp\/v2\/pages\/31\/revisions\/274"}],"wp:attachment":[{"href":"https:\/\/live-dortmund.de\/index.php\/wp-json\/wp\/v2\/media?parent=31"}],"curies":[{"name":"wp","href":"https:\/\/api.w.org\/{rel}","templated":true}]}}